{"id":222,"date":"2024-03-08T10:24:24","date_gmt":"2024-03-08T10:24:24","guid":{"rendered":"https:\/\/www.ranocchigs.it\/?page_id=222"},"modified":"2024-03-08T13:56:49","modified_gmt":"2024-03-08T13:56:49","slug":"servizi","status":"publish","type":"page","link":"https:\/\/www.ranocchigs.it\/?page_id=222","title":{"rendered":"Servizi"},"content":{"rendered":"\n<p><strong>Formazione e Consulenza<\/strong><\/p>\n\n\n\n<p style=\"text-align: justify;\">Per promuovere gli aggiornamenti e le nuove funzionalit\u00e0 dei propri prodotti e rispondere sempre meglio alle esigenze del cliente finale, Ranocchi Napoli organizza interventi formativi differenziati sulle tematiche di maggior rilievo sia attraverso corsi in aula che on line secondo un calendario predefinito oppure a richiesta. Una formazione adeguata costituisce un valore aggiunto per lo studio e per l\u2019impresa consentendo agli operatori di sfruttare al meglio gli strumenti informatici messi a loro disposizione. L&#8217;aggiornamento continuo delle soluzioni per rispondere agli adempimenti previsti dall&#8217;evoluzione delle normative necessita un elevato grado di flessibilit\u00e0 e prontezza da parte degli operatori. La capacit\u00e0 di reagire con rapidit\u00e0 anche ai cambiamenti del mercato richiede il supporto di un sistema informativo efficiente, a tal proposito il Gruppo Ranocchi offre un affiancamento continuo pre e post vendita per lo studio, la programmazione e la realizzazione di nuovi progetti. Particolare attenzione \u00e8 rivolta all&#8217;implementazione e alla migrazione da sistemi esistenti.<\/p>\n","protected":false},"excerpt":{"rendered":"<p>Formazione e Consulenza Per promuovere gli aggiornamenti e le nuove funzionalit\u00e0 dei propri prodotti e rispondere sempre meglio alle esigenze del cliente finale, Ranocchi Napoli organizza interventi formativi differenziati sulle tematiche di maggior rilievo sia attraverso corsi in aula che on line secondo un calendario predefinito oppure a richiesta. Una formazione adeguata costituisce un valore [&hellip;]<\/p>\n","protected":false},"author":1,"featured_media":0,"parent":0,"menu_order":0,"comment_status":"closed","ping_status":"closed","template":"","meta":{"footnotes":""},"class_list":["post-222","page","type-page","status-publish","hentry"],"_links":{"self":[{"href":"https:\/\/www.ranocchigs.it\/index.php?rest_route=\/wp\/v2\/pages\/222","targetHints":{"allow":["GET"]}}],"collection":[{"href":"https:\/\/www.ranocchigs.it\/index.php?rest_route=\/wp\/v2\/pages"}],"about":[{"href":"https:\/\/www.ranocchigs.it\/index.php?rest_route=\/wp\/v2\/types\/page"}],"author":[{"embeddable":true,"href":"https:\/\/www.ranocchigs.it\/index.php?rest_route=\/wp\/v2\/users\/1"}],"replies":[{"embeddable":true,"href":"https:\/\/www.ranocchigs.it\/index.php?rest_route=%2Fwp%2Fv2%2Fcomments&post=222"}],"version-history":[{"count":1,"href":"https:\/\/www.ranocchigs.it\/index.php?rest_route=\/wp\/v2\/pages\/222\/revisions"}],"predecessor-version":[{"id":223,"href":"https:\/\/www.ranocchigs.it\/index.php?rest_route=\/wp\/v2\/pages\/222\/revisions\/223"}],"wp:attachment":[{"href":"https:\/\/www.ranocchigs.it\/index.php?rest_route=%2Fwp%2Fv2%2Fmedia&parent=222"}],"curies":[{"name":"wp","href":"https:\/\/api.w.org\/{rel}","templated":true}]}}