{"id":210,"date":"2024-03-08T10:17:01","date_gmt":"2024-03-08T10:17:01","guid":{"rendered":"https:\/\/www.ranocchigs.it\/?page_id=210"},"modified":"2024-03-11T14:05:32","modified_gmt":"2024-03-11T14:05:32","slug":"commercialisti","status":"publish","type":"page","link":"https:\/\/www.ranocchigs.it\/?page_id=210","title":{"rendered":"Commercialisti"},"content":{"rendered":"\n<p><strong>GIS COM: Contabilit\u00e0, Bilanci Redditi<\/strong><\/p>\n\n\n\n<p style=\"text-align: justify;\">La Piattaforma Gis Com (Gestione Integrata Studio) nasce come l&#8217;ERP del professionista in quanto racchiude in se tutte le peculiarit\u00e0 e le esigenze tipiche del moderno Studio commerciale: univocit\u00e0, completezza e disponibilit\u00e0 immediata dei dati; copertura di tutte le attivit\u00e0 dello Studio; automazione di tutti i processi di gestione. Fanno parte della suite Gis Com anche gli applicativi di Antiriciclaggio e Parcellazione di Studio.<\/p>\n\n\n\n<p><strong>GIS Contabilit\u00e0<\/strong><\/p>\n\n\n\n<p style=\"text-align: justify;\">E&#8217; la procedura dedicata a commercialisti ed aziende per la gestione della contabilit\u00e0 ordinaria, semplificata e professionisti; vengono gestiti tutti i regimi iva, registrazioni contabili automatizzate, cespiti, ritenute di acconto, centri di costo e tutti gli adempimenti previsti dalla normativa vigente. L&#8217;interfaccia grafica e il menu ad albero permettono un immediato ed intuitivo accesso ai programmi individuabili anche attraverso la funzione di ricerca testuale.<\/p>\n\n\n\n<p><strong>GIS Bilanci<\/strong><\/p>\n\n\n\n<p style=\"text-align: justify;\">L&#8217;applicativo, completamente integrato con la contabilit\u00e0 Gis, consente l&#8217;elaborazione automatica del bilancio e della nota integrativa in formato word, sulla base di pi\u00f9 schemi predefiniti o personalizzabili dal professionista. Il software permette l\u2019elaborazione e l\u2019archiviazione delle relazioni e dei verbali nonch\u00e8 la presentazione dei bilanci in formato xbrl per il deposito; consente la configurazione del gruppo di&nbsp;societ\u00e0 per elaborare e stampare il relativo bilancio consolidato; gestisce il bilancio straordinario con dettaglio dei singoli conti per singola ditta; prevede l\u2019importazione e l\u2019esportazione di tutte le informazioni in formato Excel.<\/p>\n\n\n\n<p><strong>GIS Redditi<\/strong><\/p>\n\n\n\n<p style=\"text-align: justify;\">L&#8217;applicativo per la gestione,&nbsp;compilazione e&nbsp;presentazione telematica di tutti i moduli dichiarativi, crea ed aggiorna automaticamente il modulo di delega unica F24 per&nbsp;il pagamento delle imposte calcolate. L\u2019applicativo include anche gli studi di settore ed \u00e8 pienamente integrato con la contabilit\u00e0, i cespiti e le paghe con cui condivide la gestione della delega F24.<\/p>\n","protected":false},"excerpt":{"rendered":"<p>GIS COM: Contabilit\u00e0, Bilanci Redditi La Piattaforma Gis Com (Gestione Integrata Studio) nasce come l&#8217;ERP del professionista in quanto racchiude in se tutte le peculiarit\u00e0 e le esigenze tipiche del moderno Studio commerciale: univocit\u00e0, completezza e disponibilit\u00e0 immediata dei dati; copertura di tutte le attivit\u00e0 dello Studio; automazione di tutti i processi di gestione. Fanno [&hellip;]<\/p>\n","protected":false},"author":1,"featured_media":0,"parent":0,"menu_order":0,"comment_status":"closed","ping_status":"closed","template":"","meta":{"footnotes":""},"class_list":["post-210","page","type-page","status-publish","hentry"],"_links":{"self":[{"href":"https:\/\/www.ranocchigs.it\/index.php?rest_route=\/wp\/v2\/pages\/210","targetHints":{"allow":["GET"]}}],"collection":[{"href":"https:\/\/www.ranocchigs.it\/index.php?rest_route=\/wp\/v2\/pages"}],"about":[{"href":"https:\/\/www.ranocchigs.it\/index.php?rest_route=\/wp\/v2\/types\/page"}],"author":[{"embeddable":true,"href":"https:\/\/www.ranocchigs.it\/index.php?rest_route=\/wp\/v2\/users\/1"}],"replies":[{"embeddable":true,"href":"https:\/\/www.ranocchigs.it\/index.php?rest_route=%2Fwp%2Fv2%2Fcomments&post=210"}],"version-history":[{"count":1,"href":"https:\/\/www.ranocchigs.it\/index.php?rest_route=\/wp\/v2\/pages\/210\/revisions"}],"predecessor-version":[{"id":211,"href":"https:\/\/www.ranocchigs.it\/index.php?rest_route=\/wp\/v2\/pages\/210\/revisions\/211"}],"wp:attachment":[{"href":"https:\/\/www.ranocchigs.it\/index.php?rest_route=%2Fwp%2Fv2%2Fmedia&parent=210"}],"curies":[{"name":"wp","href":"https:\/\/api.w.org\/{rel}","templated":true}]}}