{"id":125,"date":"2024-03-07T11:34:06","date_gmt":"2024-03-07T11:34:06","guid":{"rendered":"https:\/\/www.ranocchigs.it\/?page_id=125"},"modified":"2024-03-19T08:24:04","modified_gmt":"2024-03-19T08:24:04","slug":"landing-page","status":"publish","type":"page","link":"https:\/\/www.ranocchigs.it\/","title":{"rendered":"HOME"},"content":{"rendered":"\n\t\t\t<!-- START Slider 3 REVOLUTION SLIDER 6.6.20 --><p class=\"rs-p-wp-fix\"><\/p>\n\t\t\t<rs-module-wrap id=\"rev_slider_8_1_wrapper\" data-source=\"gallery\" style=\"visibility:hidden;background:transparent;padding:0;margin:0px auto;margin-top:0;margin-bottom:0;\">\n\t\t\t\t<rs-module id=\"rev_slider_8_1\" style=\"\" data-version=\"6.6.20\">\n\t\t\t\t\t<rs-slides style=\"overflow: hidden; position: absolute;\">\n\t\t\t\t\t\t<rs-slide style=\"position: absolute;\" data-key=\"rs-14\" data-title=\"Slide\" data-in=\"o:0;\" data-out=\"a:false;\">\n\t\t\t\t\t\t\t<img fetchpriority=\"high\" decoding=\"async\" src=\"\/\/www.ranocchigs.it\/wp-content\/plugins\/revslider\/public\/assets\/assets\/dummy.png\" alt=\"\" title=\"video_2_14.jpeg\" width=\"2560\" height=\"1440\" class=\"rev-slidebg tp-rs-img rs-lazyload\" data-lazyload=\"\/\/www.ranocchigs.it\/wp-content\/uploads\/revslider\/video-media\/video_2_14-scaled.jpeg\" data-no-retina>\n\t\t\t\t\t\t\t<rs-bgvideo \n\t\t\t\t\t\t\t\tdata-video=\"w:100%;h:100%;nse:false;l:true;ptimer:false;vfc:true;do:1;doca:rgba(12, 12, 12, 0.38);\"\n\t\t\t\t\t\t\t\tdata-mp4=\"\/\/www.ranocchigs.it\/wp-content\/uploads\/2024\/03\/video_2.mp4\"\n\t\t\t\t\t\t\t><\/rs-bgvideo>\n<!--\n\t\t\t\t\t\t\t--><rs-group\n\t\t\t\t\t\t\t\tid=\"slider-8-slide-14-layer-0\" \n\t\t\t\t\t\t\t\tclass=\"MOVE-BG\"\n\t\t\t\t\t\t\t\tdata-type=\"group\"\n\t\t\t\t\t\t\t\tdata-rsp_ch=\"on\"\n\t\t\t\t\t\t\t\tdata-xy=\"xo:32px,6px,9px,12px;y:m;yo:0,0,0,-2px;\"\n\t\t\t\t\t\t\t\tdata-text=\"w:normal;s:20,16,12,7;l:0,20,15,9;\"\n\t\t\t\t\t\t\t\tdata-dim=\"w:743,649px,590px,461px;h:620,458px,375px,383px;\"\n\t\t\t\t\t\t\t\tdata-frame_0=\"o:1;\"\n\t\t\t\t\t\t\t\tdata-frame_999=\"o:0;st:w;sR:8700;sA:9000;\"\n\t\t\t\t\t\t\t\tstyle=\"z-index:10;\"\n\t\t\t\t\t\t\t><!--\n\t\t\t\t\t\t\t\t--><a\n\t\t\t\t\t\t\t\t\tid=\"slider-8-slide-14-layer-3\" \n\t\t\t\t\t\t\t\t\tclass=\"rs-layer rev-btn\"\n\t\t\t\t\t\t\t\t\thref=\"https:\/\/webrecall.ranocchigs.it\/index.php?option=com_huruhelpdesk&Itemid=54\" target=\"_blank\" rel=\"noopener\"\n\t\t\t\t\t\t\t\t\tdata-type=\"button\"\n\t\t\t\t\t\t\t\t\tdata-rsp_ch=\"on\"\n\t\t\t\t\t\t\t\t\tdata-xy=\"xo:41px,2px,4px,0;y:b;yo:61px,124px,82px,5px;\"\n\t\t\t\t\t\t\t\t\tdata-pos=\"a\"\n\t\t\t\t\t\t\t\t\tdata-text=\"w:normal;s:17,16,12,16;l:63,59,42,57;fw:500;a:center;\"\n\t\t\t\t\t\t\t\t\tdata-dim=\"w:218,208px,152px,195px;h:64,61px,44px,59px;minh:0,none,none,none;\"\n\t\t\t\t\t\t\t\t\tdata-padding=\"r:26,21,12,7;l:26,21,12,7;\"\n\t\t\t\t\t\t\t\t\tdata-border=\"bor:30px,30px,30px,30px;\"\n\t\t\t\t\t\t\t\t\tdata-frame_0=\"y:-100%;\"\n\t\t\t\t\t\t\t\t\tdata-frame_0_mask=\"u:t;\"\n\t\t\t\t\t\t\t\t\tdata-frame_1=\"st:880;sp:1200;sR:880;\"\n\t\t\t\t\t\t\t\t\tdata-frame_1_mask=\"u:t;\"\n\t\t\t\t\t\t\t\t\tdata-frame_999=\"o:0;st:w;sR:6920;\"\n\t\t\t\t\t\t\t\t\tdata-frame_hover=\"c:#ff3d00;bgc:#fff;bor:30px,30px,30px,30px;bri:120%;\"\n\t\t\t\t\t\t\t\t\tstyle=\"z-index:10;background-color:#E3061F;font-family:'Fira Sans';@-webkit-keyframes MOVE-BG { from { -webkit-transform:translateX(0);transform:translateX(0);\"\n\t\t\t\t\t\t\t\t>WEB RECALL <i class=\"fa-angle-double-right\"><\/i> \n\t\t\t\t\t\t\t\t<\/a><!--\n\n\t\t\t\t\t\t\t\t--><rs-layer\n\t\t\t\t\t\t\t\t\tid=\"slider-8-slide-14-layer-6\" \n\t\t\t\t\t\t\t\t\tdata-type=\"text\"\n\t\t\t\t\t\t\t\t\tdata-color=\"#e3061f\"\n\t\t\t\t\t\t\t\t\tdata-rsp_ch=\"on\"\n\t\t\t\t\t\t\t\t\tdata-xy=\"xo:218px,130px,102px,131px;yo:203px,198px,134px,115px;\"\n\t\t\t\t\t\t\t\t\tdata-pos=\"a\"\n\t\t\t\t\t\t\t\t\tdata-text=\"w:normal;s:63,60,30,30;l:66,64,32,29;fw:700;\"\n\t\t\t\t\t\t\t\t\tdata-dim=\"w:741,611,264px,157px;\"\n\t\t\t\t\t\t\t\t\tdata-frame_0=\"x:-175%;o:1;\"\n\t\t\t\t\t\t\t\t\tdata-frame_0_mask=\"u:t;x:100%;\"\n\t\t\t\t\t\t\t\t\tdata-frame_1=\"e:power3.out;st:960;sp:1000;sR:960;\"\n\t\t\t\t\t\t\t\t\tdata-frame_1_mask=\"u:t;\"\n\t\t\t\t\t\t\t\t\tdata-frame_999=\"o:0;st:w;sR:7040;\"\n\t\t\t\t\t\t\t\t\tstyle=\"z-index:9;font-family:'Fira Sans';\"\n\t\t\t\t\t\t\t\t>Gruppo RANOCCHI \n\t\t\t\t\t\t\t\t<\/rs-layer><!--\n\n\t\t\t\t\t\t\t\t--><rs-layer\n\t\t\t\t\t\t\t\t\tid=\"slider-8-slide-14-layer-4\" \n\t\t\t\t\t\t\t\t\tdata-type=\"text\"\n\t\t\t\t\t\t\t\t\tdata-color=\"#0c0101\"\n\t\t\t\t\t\t\t\t\tdata-rsp_ch=\"on\"\n\t\t\t\t\t\t\t\t\tdata-xy=\"xo:323px,266px,207px,127px;yo:204px,168px,131px,80px;\"\n\t\t\t\t\t\t\t\t\tdata-pos=\"a\"\n\t\t\t\t\t\t\t\t\tdata-text=\"w:normal;s:63,60,54,35;l:67,62,58,38;fw:700;\"\n\t\t\t\t\t\t\t\t\tdata-dim=\"w:574,474,369px,227px;\"\n\t\t\t\t\t\t\t\t\tdata-frame_0=\"x:100%;\"\n\t\t\t\t\t\t\t\t\tdata-frame_0_mask=\"u:t;\"\n\t\t\t\t\t\t\t\t\tdata-frame_1=\"st:590;sp:1000;sR:590;\"\n\t\t\t\t\t\t\t\t\tdata-frame_1_mask=\"u:t;\"\n\t\t\t\t\t\t\t\t\tdata-frame_999=\"o:0;st:w;sR:7410;\"\n\t\t\t\t\t\t\t\t\tstyle=\"z-index:8;font-family:'Fira Sans';\"\n\t\t\t\t\t\t\t\t> \n\t\t\t\t\t\t\t\t<\/rs-layer><!--\n\n\t\t\t\t\t\t\t\t--><a\n\t\t\t\t\t\t\t\t\tid=\"slider-8-slide-14-layer-7\" \n\t\t\t\t\t\t\t\t\tclass=\"rs-layer rev-btn\"\n\t\t\t\t\t\t\t\t\thref=\"https:\/\/www.ranocchigs.it\/?page_id=166\" target=\"_self\"\n\t\t\t\t\t\t\t\t\tdata-type=\"button\"\n\t\t\t\t\t\t\t\t\tdata-rsp_ch=\"on\"\n\t\t\t\t\t\t\t\t\tdata-xy=\"xo:41px,1px,0,0;yo:420px,342px,307px,249px;\"\n\t\t\t\t\t\t\t\t\tdata-pos=\"a\"\n\t\t\t\t\t\t\t\t\tdata-text=\"w:normal;s:17,16,12,16;l:63,59,43,57;fw:500;a:center;\"\n\t\t\t\t\t\t\t\t\tdata-dim=\"w:218,208px,157px,195px;h:64,61px,45px,59px;minh:0,none,none,none;\"\n\t\t\t\t\t\t\t\t\tdata-padding=\"r:26,21,12,7;l:26,21,12,7;\"\n\t\t\t\t\t\t\t\t\tdata-border=\"bor:30px,30px,30px,30px;\"\n\t\t\t\t\t\t\t\t\tdata-frame_0=\"y:-100%;\"\n\t\t\t\t\t\t\t\t\tdata-frame_0_mask=\"u:t;\"\n\t\t\t\t\t\t\t\t\tdata-frame_1=\"st:880;sp:1200;sR:880;\"\n\t\t\t\t\t\t\t\t\tdata-frame_1_mask=\"u:t;\"\n\t\t\t\t\t\t\t\t\tdata-frame_999=\"o:0;st:w;sR:6920;\"\n\t\t\t\t\t\t\t\t\tdata-frame_hover=\"c:#ff3d00;bgc:#fff;bor:30px,30px,30px,30px;bri:120%;\"\n\t\t\t\t\t\t\t\t\tstyle=\"z-index:7;background-color:#E3061F;font-family:'Fira Sans';@-webkit-keyframes MOVE-BG { from { -webkit-transform:translateX(0);transform:translateX(0);\"\n\t\t\t\t\t\t\t\t>CONTATTACI <i class=\"fa-angle-double-right\"><\/i> \n\t\t\t\t\t\t\t\t<\/a><!--\n\n\t\t\t\t\t\t\t\t--><rs-layer\n\t\t\t\t\t\t\t\t\tid=\"slider-8-slide-14-layer-2\" \n\t\t\t\t\t\t\t\t\tdata-type=\"text\"\n\t\t\t\t\t\t\t\t\tdata-rsp_ch=\"on\"\n\t\t\t\t\t\t\t\t\tdata-xy=\"xo:18px,0,0,0;yo:138px,69px,56px,50px;\"\n\t\t\t\t\t\t\t\t\tdata-pos=\"a\"\n\t\t\t\t\t\t\t\t\tdata-text=\"w:normal;s:63,60,35,30;l:66,64,37,30;fw:700;\"\n\t\t\t\t\t\t\t\t\tdata-dim=\"w:741,611,303px,158px;h:145px,119px,auto,104px;\"\n\t\t\t\t\t\t\t\t\tdata-frame_0=\"x:-175%;o:1;\"\n\t\t\t\t\t\t\t\t\tdata-frame_0_mask=\"u:t;x:100%;\"\n\t\t\t\t\t\t\t\t\tdata-frame_1=\"e:power3.out;st:960;sp:1000;sR:960;\"\n\t\t\t\t\t\t\t\t\tdata-frame_1_mask=\"u:t;\"\n\t\t\t\t\t\t\t\t\tdata-frame_999=\"o:0;st:w;sR:7040;\"\n\t\t\t\t\t\t\t\t\tstyle=\"z-index:6;font-family:'Arial', 'Helvetica', 'sans-serif';\"\n\t\t\t\t\t\t\t\t>partner di riferimento in Puglia  \n\t\t\t\t\t\t\t\t<\/rs-layer><!--\n\t\t\t\t\t\t\t--><\/rs-group><!--\n\n\t\t\t\t\t\t\t--><rs-layer\n\t\t\t\t\t\t\t\tid=\"slider-8-slide-14-layer-1\" \n\t\t\t\t\t\t\t\tdata-type=\"text\"\n\t\t\t\t\t\t\t\tdata-rsp_ch=\"on\"\n\t\t\t\t\t\t\t\tdata-xy=\"xo:0,51px,28px,3px;yo:43px,31px,204px,61px;\"\n\t\t\t\t\t\t\t\tdata-text=\"w:normal;s:70,18,44,40;l:70,22,56,31;fw:500;a:left,left,left,center;\"\n\t\t\t\t\t\t\t\tdata-dim=\"w:814px,672px,1284px,474px;\"\n\t\t\t\t\t\t\t\tdata-frame_0=\"y:100%;\"\n\t\t\t\t\t\t\t\tdata-frame_0_mask=\"u:t;\"\n\t\t\t\t\t\t\t\tdata-frame_1=\"sp:1200;\"\n\t\t\t\t\t\t\t\tdata-frame_1_mask=\"u:t;\"\n\t\t\t\t\t\t\t\tdata-frame_999=\"o:0;st:w;sR:7800;\"\n\t\t\t\t\t\t\t\tstyle=\"z-index:9;font-family:'Fira Sans';\"\n\t\t\t\t\t\t\t>Ranocchi Global Solution \n\t\t\t\t\t\t\t<\/rs-layer><!--\n\n\t\t\t\t\t\t\t--><a\n\t\t\t\t\t\t\t\tid=\"slider-8-slide-14-layer-10\" \n\t\t\t\t\t\t\t\tclass=\"rs-layer\"\n\t\t\t\t\t\t\t\thref=\"https:\/\/ranocchi.it\/soluzioni-commercialisti\" target=\"_blank\" rel=\"noopener\"\n\t\t\t\t\t\t\t\tdata-type=\"image\"\n\t\t\t\t\t\t\t\tdata-rsp_ch=\"on\"\n\t\t\t\t\t\t\t\tdata-xy=\"xo:830px,685px,415px,310px;yo:595px,491px,314px,198px;\"\n\t\t\t\t\t\t\t\tdata-text=\"w:normal;s:20,16,12,7;l:0,20,15,9;\"\n\t\t\t\t\t\t\t\tdata-dim=\"w:435,359,172px,153px;h:293,241,116px,103px;\"\n\t\t\t\t\t\t\t\tdata-frame_0=\"y:100%;\"\n\t\t\t\t\t\t\t\tdata-frame_0_mask=\"u:t;\"\n\t\t\t\t\t\t\t\tdata-frame_1=\"st:340;sp:1200;sR:340;\"\n\t\t\t\t\t\t\t\tdata-frame_1_mask=\"u:t;\"\n\t\t\t\t\t\t\t\tdata-frame_999=\"o:0;st:w;sR:7460;\"\n\t\t\t\t\t\t\t\tstyle=\"z-index:6;\"\n\t\t\t\t\t\t\t><img decoding=\"async\" src=\"\/\/www.ranocchigs.it\/wp-content\/plugins\/revslider\/public\/assets\/assets\/dummy.png\" alt=\"\" class=\"tp-rs-img rs-lazyload\" width=\"1000\" height=\"675\" data-lazyload=\"\/\/www.ranocchigs.it\/wp-content\/uploads\/2024\/03\/home_commercialisti.jpg\" data-no-retina> \n\t\t\t\t\t\t\t<\/a><!--\n\n\t\t\t\t\t\t\t--><a\n\t\t\t\t\t\t\t\tid=\"slider-8-slide-14-layer-12\" \n\t\t\t\t\t\t\t\tclass=\"rs-layer\"\n\t\t\t\t\t\t\t\thref=\"https:\/\/ranocchi.it\/demo\" target=\"_blank\" rel=\"noopener\"\n\t\t\t\t\t\t\t\tdata-type=\"image\"\n\t\t\t\t\t\t\t\tdata-rsp_ch=\"on\"\n\t\t\t\t\t\t\t\tdata-xy=\"xo:830px,685px,415px,310px;yo:303px,250px,431px,302px;\"\n\t\t\t\t\t\t\t\tdata-text=\"w:normal;s:20,16,12,7;l:0,20,15,9;\"\n\t\t\t\t\t\t\t\tdata-dim=\"w:435,359,172px,154px;h:293,241,116px,104px;\"\n\t\t\t\t\t\t\t\tdata-frame_0=\"y:100%;\"\n\t\t\t\t\t\t\t\tdata-frame_0_mask=\"u:t;\"\n\t\t\t\t\t\t\t\tdata-frame_1=\"st:350;sp:1200;sR:350;\"\n\t\t\t\t\t\t\t\tdata-frame_1_mask=\"u:t;\"\n\t\t\t\t\t\t\t\tdata-frame_999=\"o:0;st:w;sR:7450;\"\n\t\t\t\t\t\t\t\tstyle=\"z-index:7;\"\n\t\t\t\t\t\t\t><img decoding=\"async\" src=\"\/\/www.ranocchigs.it\/wp-content\/plugins\/revslider\/public\/assets\/assets\/dummy.png\" alt=\"\" class=\"tp-rs-img rs-lazyload\" width=\"1000\" height=\"675\" data-lazyload=\"\/\/www.ranocchigs.it\/wp-content\/uploads\/2024\/03\/home_demo_online.jpg\" data-no-retina> \n\t\t\t\t\t\t\t<\/a><!--\n\n\t\t\t\t\t\t\t--><a\n\t\t\t\t\t\t\t\tid=\"slider-8-slide-14-layer-15\" \n\t\t\t\t\t\t\t\tclass=\"rs-layer\"\n\t\t\t\t\t\t\t\thref=\"https:\/\/ranocchi.it\/soluzioni-paghe-stipendi\" target=\"_blank\" rel=\"noopener\"\n\t\t\t\t\t\t\t\tdata-type=\"image\"\n\t\t\t\t\t\t\t\tdata-rsp_ch=\"on\"\n\t\t\t\t\t\t\t\tdata-xy=\"xo:830px,685px,415px,310px;yo:9px,7px,549px,407px;\"\n\t\t\t\t\t\t\t\tdata-text=\"w:normal;s:20,16,12,7;l:0,20,15,9;\"\n\t\t\t\t\t\t\t\tdata-dim=\"w:435,359,172px,154px;h:293,241,116px,104px;\"\n\t\t\t\t\t\t\t\tdata-frame_0=\"y:100%;\"\n\t\t\t\t\t\t\t\tdata-frame_0_mask=\"u:t;\"\n\t\t\t\t\t\t\t\tdata-frame_1=\"st:350;sp:1200;sR:350;\"\n\t\t\t\t\t\t\t\tdata-frame_1_mask=\"u:t;\"\n\t\t\t\t\t\t\t\tdata-frame_999=\"o:0;st:w;sR:7450;\"\n\t\t\t\t\t\t\t\tstyle=\"z-index:8;\"\n\t\t\t\t\t\t\t><img loading=\"lazy\" decoding=\"async\" src=\"\/\/www.ranocchigs.it\/wp-content\/plugins\/revslider\/public\/assets\/assets\/dummy.png\" alt=\"\" class=\"tp-rs-img rs-lazyload\" width=\"1000\" height=\"675\" data-lazyload=\"\/\/www.ranocchigs.it\/wp-content\/uploads\/2024\/03\/home_paghe.jpg\" data-no-retina> \n\t\t\t\t\t\t\t<\/a><!--\n-->\t\t\t\t\t\t<\/rs-slide>\n\t\t\t\t\t<\/rs-slides>\n\t\t\t\t<\/rs-module>\n\t\t\t\t<script>\n\t\t\t\t\tsetREVStartSize({c: 'rev_slider_8_1',rl:[1240,1024,778,480],el:[900,768,960,720],gw:[1240,1024,778,480],gh:[900,768,960,720],type:'standard',justify:'',layout:'fullwidth',mh:\"0\"});if (window.RS_MODULES!==undefined && window.RS_MODULES.modules!==undefined && window.RS_MODULES.modules[\"revslider81\"]!==undefined) {window.RS_MODULES.modules[\"revslider81\"].once = false;window.revapi8 = undefined;if (window.RS_MODULES.checkMinimal!==undefined) window.RS_MODULES.checkMinimal()}\n\t\t\t\t<\/script>\n\t\t\t<\/rs-module-wrap>\n\t\t\t<!-- END REVOLUTION SLIDER -->\n\n\n\n\n<div class=\"wp-block-columns is-layout-flex wp-container-core-columns-is-layout-9d6595d7 wp-block-columns-is-layout-flex\">\n<div class=\"wp-block-column is-layout-flow wp-block-column-is-layout-flow\" style=\"flex-basis:33.33%\"><\/div>\n\n\n\n<div class=\"wp-block-column is-layout-flow wp-block-column-is-layout-flow\" style=\"flex-basis:66.66%\"><\/div>\n<\/div>\n\n\n\n<div class=\"wp-block-columns is-layout-flex wp-container-core-columns-is-layout-9d6595d7 wp-block-columns-is-layout-flex\">\n<div class=\"wp-block-column is-layout-flow wp-block-column-is-layout-flow\" style=\"flex-basis:33.33%\">\n<div style=\"height:50px\" aria-hidden=\"true\" class=\"wp-block-spacer\"><\/div>\n\n\n\n<div style=\"height:50px\" aria-hidden=\"true\" class=\"wp-block-spacer\"><\/div>\n\n\n\n<div style=\"height:50px\" aria-hidden=\"true\" class=\"wp-block-spacer\"><\/div>\n\n\n<div class=\"wp-block-image\">\n<figure class=\"aligncenter size-full\"><img loading=\"lazy\" decoding=\"async\" width=\"250\" height=\"79\" src=\"https:\/\/www.ranocchigs.it\/wp-content\/uploads\/2024\/03\/logo_ranocchi_partner.png\" alt=\"\" class=\"wp-image-38\"\/><\/figure>\n<\/div>\n\n\n<div style=\"height:50px\" aria-hidden=\"true\" class=\"wp-block-spacer\"><\/div>\n\n\n\n<div style=\"height:50px\" aria-hidden=\"true\" class=\"wp-block-spacer\"><\/div>\n\n\n\n<figure class=\"wp-block-image size-full\"><a href=\"https:\/\/get.teamviewer.com\/6p9mvyn\" target=\"_blank\" rel=\"noreferrer noopener\"><img loading=\"lazy\" decoding=\"async\" width=\"500\" height=\"500\" src=\"https:\/\/www.ranocchigs.it\/wp-content\/uploads\/2024\/03\/team_w_w-1.png\" alt=\"\" class=\"wp-image-375\" srcset=\"https:\/\/www.ranocchigs.it\/wp-content\/uploads\/2024\/03\/team_w_w-1.png 500w, https:\/\/www.ranocchigs.it\/wp-content\/uploads\/2024\/03\/team_w_w-1-300x300.png 300w, https:\/\/www.ranocchigs.it\/wp-content\/uploads\/2024\/03\/team_w_w-1-150x150.png 150w, https:\/\/www.ranocchigs.it\/wp-content\/uploads\/2024\/03\/team_w_w-1-450x450.png 450w, https:\/\/www.ranocchigs.it\/wp-content\/uploads\/2024\/03\/team_w_w-1-106x106.png 106w, https:\/\/www.ranocchigs.it\/wp-content\/uploads\/2024\/03\/team_w_w-1-80x80.png 80w\" sizes=\"(max-width: 500px) 100vw, 500px\" \/><\/a><\/figure>\n<\/div>\n\n\n\n<div class=\"wp-block-column is-layout-flow wp-block-column-is-layout-flow\" style=\"flex-basis:66.66%\">\n<div style=\"float: right; text-align: justify;\">\n<h2 style=\"color:#E3061F;\"><strong> Societ\u00e0 <\/strong><\/h2>\n<p style=\"text-align: justify;\"><strong>Ranocchi Global Solution<\/strong>, sintesi dell&#8217;esperienza trentennale dei suoi fondatori, tutti professionisti del settore, \u00e8 il partner di riferimento pugliese del Gruppo Ranocchi nella distribuzione di Gestionali e Servizi di Consulenza Software per Commercialisti, Consulenti del Lavoro e per Piccola Impresa. La partnership consolidata con il Gruppo Ranocchi, da&#8217; solidit\u00e0 alla nostra Organizzazione e grande sicurezza al nostro Cliente, il quale ha la garanzia di poter contare non solo su una singola realt\u00e0 locale, ma su una Struttura di Imprese ramificate su tutto il territorio. Dando il proprio nome alla sua nuova iniziativa informatica nel settore del software, la volont\u00e0 di Giovanni Ranocchi, gi\u00e0 fondatore di Teamsystem, \u00e8 quella di dare una chiara e ben precisa impronta imprenditoriale, basata su trent&#8217;anni di esperienze e successi. La voglia di continuare a influenzare in maniera creativa e determinata le dinamiche del settore \u00e8 basata su una semplice visione, tornare alle sane regole di mercato: innovazione, competitivit\u00e0, libert\u00e0 di scelta dei prodotti e dei fornitori.  Questi gli elementi indispensabili per restituire al cliente, in un clima di libera concorrenza, la possibilit\u00e0 di scegliere l&#8217;alternativa migliore. Professionalit\u00e0, competenza&nbsp; e seriet\u00e0 nel rapporto sono tra le caratteristiche maggiormente riconosciuteci dai nostri clienti; queste caratteristiche ci pongono al vertice per i servizi inerenti l&#8217;assistenza software e sistemistica. Progettare servizi e prodotti innovativi nel campo dell&#8217;informatica e delle telecomunicazioni, proporre soluzioni tecnologiche, applicative e sistemistiche sempre all&#8217;avanguardia sono componenti fondamentali per lo &#8220;sviluppo&#8221; e fanno parte delle soluzioni offerte dal Gruppo Informatico Ranocchi. Dare risposte rapide, efficaci, flessibili e integrate alle domande dei clienti sempre pi\u00f9 informati e competenti, chiamati ad operare in un contesto sempre pi\u00f9 dinamico e competitivo, sono gli Imperativi della Nostra Missione. Per questo, puntiamo sullo sviluppo delle capacit\u00e0 professionali individuali, sulla formazione di una squadra dinamica ed informale, su un ambiente organizzativo flessibile e aperto, caratterizzato da un&#8217; imprenditorialit\u00e0 diffusa capace di affrontare il mercato sempre in pi\u00f9 forte e rapida evoluzione. La soddisfazione del Cliente \u00e8 quindi l&#8217;obiettivo primario e la mission della nosta impresa.<\/p><\/div>\n<\/div>\n<\/div>\n\n\n\n<div class=\"wp-block-columns is-layout-flex wp-container-core-columns-is-layout-9d6595d7 wp-block-columns-is-layout-flex\">\n<div class=\"wp-block-column is-layout-flow wp-block-column-is-layout-flow\" style=\"flex-basis:33.33%\"><\/div>\n\n\n\n<div class=\"wp-block-column is-layout-flow wp-block-column-is-layout-flow\" style=\"flex-basis:66.66%\">\n<p>\n<h2 style=\"color:#E3061F;\"><p><strong>Ranocchi Global solution Srl.&nbsp;<br\/> P.Iva 07519770726 <br\/> Via delle Medaglie d&#8217;oro, 4&nbsp; <br\/> 70125&nbsp; &#8211; BARI<\/strong><\/p><\/h2>\n<\/p>\n<\/div>\n<\/div>\n\n\n\n<div class=\"wp-block-columns is-layout-flex wp-container-core-columns-is-layout-9d6595d7 wp-block-columns-is-layout-flex\"><\/div>\n","protected":false},"excerpt":{"rendered":"<p>Societ\u00e0 Ranocchi Global Solution, sintesi dell&#8217;esperienza trentennale dei suoi fondatori, tutti professionisti del settore, \u00e8 il partner di riferimento pugliese del Gruppo Ranocchi nella distribuzione di Gestionali e Servizi di Consulenza Software per Commercialisti, Consulenti del Lavoro e per Piccola Impresa. La partnership consolidata con il Gruppo Ranocchi, da&#8217; solidit\u00e0 alla nostra Organizzazione e grande [&hellip;]<\/p>\n","protected":false},"author":1,"featured_media":0,"parent":0,"menu_order":0,"comment_status":"closed","ping_status":"closed","template":"","meta":{"footnotes":""},"class_list":["post-125","page","type-page","status-publish","hentry"],"_links":{"self":[{"href":"https:\/\/www.ranocchigs.it\/index.php?rest_route=\/wp\/v2\/pages\/125","targetHints":{"allow":["GET"]}}],"collection":[{"href":"https:\/\/www.ranocchigs.it\/index.php?rest_route=\/wp\/v2\/pages"}],"about":[{"href":"https:\/\/www.ranocchigs.it\/index.php?rest_route=\/wp\/v2\/types\/page"}],"author":[{"embeddable":true,"href":"https:\/\/www.ranocchigs.it\/index.php?rest_route=\/wp\/v2\/users\/1"}],"replies":[{"embeddable":true,"href":"https:\/\/www.ranocchigs.it\/index.php?rest_route=%2Fwp%2Fv2%2Fcomments&post=125"}],"version-history":[{"count":105,"href":"https:\/\/www.ranocchigs.it\/index.php?rest_route=\/wp\/v2\/pages\/125\/revisions"}],"predecessor-version":[{"id":445,"href":"https:\/\/www.ranocchigs.it\/index.php?rest_route=\/wp\/v2\/pages\/125\/revisions\/445"}],"wp:attachment":[{"href":"https:\/\/www.ranocchigs.it\/index.php?rest_route=%2Fwp%2Fv2%2Fmedia&parent=125"}],"curies":[{"name":"wp","href":"https:\/\/api.w.org\/{rel}","templated":true}]}}